{"id":2,"date":"2015-06-12T11:12:16","date_gmt":"2015-06-12T11:12:16","guid":{"rendered":"http:\/\/matorky.si\/?page_id=2"},"modified":"2017-03-04T15:18:52","modified_gmt":"2017-03-04T15:18:52","slug":"o-meni","status":"publish","type":"page","link":"https:\/\/matorky.si\/index.php\/o-meni\/","title":{"rendered":"O avtorju"},"content":{"rendered":"<p style=\"text-align: center;\"><em>V\u010dasih sem bil zaprise\u017een MTB-jevc. Nato sem odkril \u010dar dirkanja. Ko ti zrak \u0161umi mimo u\u0161es med spustom, ko ti te\u010de pot po obrazu med vzponom. Ko pritisne\u0161 na pedal in se ma\u0161ina pod tabo odzove skoraj v trenutku. Vse je odvisno samo od gole mo\u010di v mi\u0161icah. <\/em>Kolo, gibanje, premagovanje napora. Stik med \u010dlovekom in napravo.<\/p>\n<p style=\"text-align: center;\"><a href=\"http:\/\/matorky.si\/wp-content\/uploads\/2015\/06\/bicikel-header.jpg\"><img loading=\"lazy\" decoding=\"async\" class=\" wp-image-12 size-medium aligncenter\" src=\"http:\/\/matorky.si\/wp-content\/uploads\/2015\/06\/bicikel-header-300x163.jpg\" alt=\"\" width=\"300\" height=\"163\" srcset=\"https:\/\/matorky.si\/wp-content\/uploads\/2015\/06\/bicikel-header-300x163.jpg 300w, https:\/\/matorky.si\/wp-content\/uploads\/2015\/06\/bicikel-header-1024x556.jpg 1024w, https:\/\/matorky.si\/wp-content\/uploads\/2015\/06\/bicikel-header.jpg 2000w\" sizes=\"auto, (max-width: 300px) 100vw, 300px\" \/><\/a><\/p>\n<p style=\"text-align: center;\"><em>Potem sem ugotovil, da je jeseni in pozimi to te\u017eje po\u010deti, ker so ceste umazane, vozniki manj pozorni, pri ve\u010dji hitrosti te hitro zazebe, ko se spoti\u0161&#8230;In pri\u0161la je odlo\u010ditev, da preizkusim nekaj novega. V zadnjih letih tudi pri nas vse bolj popularen ciklokros oziroma njegova razli\u010dica gravel biking. Po slovensko bi lahko s Faustovimi besedami prevedli v makadamkanje. Tukaj se odpre nova dimenzija meditacije gibanja.<\/em><\/p>\n<p style=\"text-align: center;\"><a href=\"http:\/\/matorky.si\/wp-content\/uploads\/2015\/06\/bicikel-header1.jpg\"><img loading=\"lazy\" decoding=\"async\" class=\"alignnone size-medium wp-image-14\" src=\"http:\/\/matorky.si\/wp-content\/uploads\/2015\/06\/bicikel-header1-300x182.jpg\" alt=\"bicikel header1\" width=\"300\" height=\"182\" srcset=\"https:\/\/matorky.si\/wp-content\/uploads\/2015\/06\/bicikel-header1-300x182.jpg 300w, https:\/\/matorky.si\/wp-content\/uploads\/2015\/06\/bicikel-header1-1024x621.jpg 1024w, https:\/\/matorky.si\/wp-content\/uploads\/2015\/06\/bicikel-header1.jpg 2000w\" sizes=\"auto, (max-width: 300px) 100vw, 300px\" \/><\/a><\/p>\n","protected":false},"excerpt":{"rendered":"<p>V\u010dasih sem bil zaprise\u017een MTB-jevc. Nato sem odkril \u010dar dirkanja. Ko ti zrak \u0161umi mimo u\u0161es med spustom, ko ti te\u010de pot po obrazu med vzponom. Ko pritisne\u0161 na pedal in se ma\u0161ina pod tabo odzove skoraj v trenutku. Vse &hellip; <a href=\"https:\/\/matorky.si\/index.php\/o-meni\/\">Beri naprej <span class=\"meta-nav\">&rarr;<\/span><\/a><\/p>\n","protected":false},"author":1,"featured_media":0,"parent":0,"menu_order":0,"comment_status":"open","ping_status":"open","template":"","meta":{"jetpack_post_was_ever_published":false,"footnotes":""},"class_list":["post-2","page","type-page","status-publish","hentry"],"aioseo_notices":[],"_links":{"self":[{"href":"https:\/\/matorky.si\/index.php\/wp-json\/wp\/v2\/pages\/2","targetHints":{"allow":["GET"]}}],"collection":[{"href":"https:\/\/matorky.si\/index.php\/wp-json\/wp\/v2\/pages"}],"about":[{"href":"https:\/\/matorky.si\/index.php\/wp-json\/wp\/v2\/types\/page"}],"author":[{"embeddable":true,"href":"https:\/\/matorky.si\/index.php\/wp-json\/wp\/v2\/users\/1"}],"replies":[{"embeddable":true,"href":"https:\/\/matorky.si\/index.php\/wp-json\/wp\/v2\/comments?post=2"}],"version-history":[{"count":4,"href":"https:\/\/matorky.si\/index.php\/wp-json\/wp\/v2\/pages\/2\/revisions"}],"predecessor-version":[{"id":433,"href":"https:\/\/matorky.si\/index.php\/wp-json\/wp\/v2\/pages\/2\/revisions\/433"}],"wp:attachment":[{"href":"https:\/\/matorky.si\/index.php\/wp-json\/wp\/v2\/media?parent=2"}],"curies":[{"name":"wp","href":"https:\/\/api.w.org\/{rel}","templated":true}]}}